{"id":81,"date":"2024-12-07T02:17:36","date_gmt":"2024-12-07T02:17:36","guid":{"rendered":"https:\/\/wiseupks.com\/en\/?page_id=81"},"modified":"2024-12-17T04:02:22","modified_gmt":"2024-12-17T04:02:22","slug":"about-us","status":"publish","type":"page","link":"https:\/\/wiseupks.com\/sq\/about-us\/","title":{"rendered":"Rreth Nesh"},"content":{"rendered":"<p>N\u00eb WiseUp, ne ofrojm\u00eb zgjidhje gjith\u00ebp\u00ebrfshir\u00ebse p\u00ebr kontabilitetin, auditime dhe konsulenc\u00ebn financiare. Q\u00ebllimi yn\u00eb \u00ebsht\u00eb t\u00eb fuqizojm\u00eb bizneset p\u00ebr t\u00eb avancuar n\u00eb mjedisin dinamik t\u00eb sot\u00ebm.<\/p>\n<p>T\u00eb udh\u00ebhequr nga vlerat tona thelb\u00ebsore t\u00eb ekselenc\u00ebs, integritetit dhe inovacionit, synojm\u00eb t\u00eb avancojm\u00eb t\u00eb ardhmen tuaj financiare duke ofruar sh\u00ebrbime t\u00eb personalizuara q\u00eb p\u00ebrmbushin nevojat tuaja unike. Nga mbajtja e p\u00ebrditshme e librave kontab\u00ebl deri te auditimet financiare t\u00eb thelluara dhe k\u00ebshillimi strategjik, ne jemi partneri juaj i besuar p\u00ebr rritje t\u00eb q\u00ebndrueshme dhe p\u00ebrmbushjes s\u00eb standardeve.<\/p>\n","protected":false},"excerpt":{"rendered":"<p>N\u00eb WiseUp, ne ofrojm\u00eb zgjidhje gjith\u00ebp\u00ebrfshir\u00ebse p\u00ebr kontabilitetin, auditime dhe konsulenc\u00ebn financiare. Q\u00ebllimi yn\u00eb \u00ebsht\u00eb t\u00eb fuqizojm\u00eb bizneset p\u00ebr t\u00eb avancuar n\u00eb mjedisin dinamik t\u00eb sot\u00ebm. T\u00eb udh\u00ebhequr nga vlerat tona thelb\u00ebsore t\u00eb ekselenc\u00ebs, integritetit dhe inovacionit, synojm\u00eb t\u00eb avancojm\u00eb t\u00eb ardhmen tuaj financiare duke ofruar sh\u00ebrbime t\u00eb personalizuara q\u00eb p\u00ebrmbushin nevojat tuaja unike. Nga [&hellip;]<\/p>\n","protected":false},"author":1,"featured_media":0,"parent":0,"menu_order":0,"comment_status":"closed","ping_status":"closed","template":"page-about.php","meta":{"_acf_changed":false,"footnotes":""},"class_list":["post-81","page","type-page","status-publish","hentry"],"acf":[],"_links":{"self":[{"href":"https:\/\/wiseupks.com\/sq\/wp-json\/wp\/v2\/pages\/81","targetHints":{"allow":["GET"]}}],"collection":[{"href":"https:\/\/wiseupks.com\/sq\/wp-json\/wp\/v2\/pages"}],"about":[{"href":"https:\/\/wiseupks.com\/sq\/wp-json\/wp\/v2\/types\/page"}],"author":[{"embeddable":true,"href":"https:\/\/wiseupks.com\/sq\/wp-json\/wp\/v2\/users\/1"}],"replies":[{"embeddable":true,"href":"https:\/\/wiseupks.com\/sq\/wp-json\/wp\/v2\/comments?post=81"}],"version-history":[{"count":4,"href":"https:\/\/wiseupks.com\/sq\/wp-json\/wp\/v2\/pages\/81\/revisions"}],"predecessor-version":[{"id":163,"href":"https:\/\/wiseupks.com\/sq\/wp-json\/wp\/v2\/pages\/81\/revisions\/163"}],"wp:attachment":[{"href":"https:\/\/wiseupks.com\/sq\/wp-json\/wp\/v2\/media?parent=81"}],"curies":[{"name":"wp","href":"https:\/\/api.w.org\/{rel}","templated":true}]}}