{"id":77,"date":"2024-12-07T01:54:31","date_gmt":"2024-12-07T01:54:31","guid":{"rendered":"https:\/\/wiseupks.com\/en\/?page_id=77"},"modified":"2025-01-27T10:40:01","modified_gmt":"2025-01-27T10:40:01","slug":"servicess","status":"publish","type":"page","link":"https:\/\/wiseupks.com\/sq\/servicess\/","title":{"rendered":"Sh\u00ebrbimet"},"content":{"rendered":"<p>N\u00eb WiseUp Advisory, ne ofrojm\u00eb nj\u00eb gam\u00eb t\u00eb plot\u00eb sh\u00ebrbimesh t\u00eb dizajnuara p\u00ebr t\u00eb p\u00ebrmbushur k\u00ebrkesat n\u00eb zhvillim t\u00eb bizneseve moderne. Pavar\u00ebsisht n\u00ebse d\u00ebshironi t\u00eb rrisni transparenc\u00ebn financiare, t\u00eb optimizoni strategjit\u00eb tatimore apo t\u00eb navigoni n\u00ebp\u00ebr transaksione komplekse, ekipi yn\u00eb ekspert \u00ebsht\u00eb k\u00ebtu p\u00ebr t\u00eb ofruar zgjidhje t\u00eb p\u00ebrshtatura sipas nevojave tuaja.<\/p>\n","protected":false},"excerpt":{"rendered":"<p>N\u00eb WiseUp Advisory, ne ofrojm\u00eb nj\u00eb gam\u00eb t\u00eb plot\u00eb sh\u00ebrbimesh t\u00eb dizajnuara p\u00ebr t\u00eb p\u00ebrmbushur k\u00ebrkesat n\u00eb zhvillim t\u00eb bizneseve moderne. Pavar\u00ebsisht n\u00ebse d\u00ebshironi t\u00eb rrisni transparenc\u00ebn financiare, t\u00eb optimizoni strategjit\u00eb tatimore apo t\u00eb navigoni n\u00ebp\u00ebr transaksione komplekse, ekipi yn\u00eb ekspert \u00ebsht\u00eb k\u00ebtu p\u00ebr t\u00eb ofruar zgjidhje t\u00eb p\u00ebrshtatura sipas nevojave tuaja.<\/p>\n","protected":false},"author":1,"featured_media":0,"parent":0,"menu_order":0,"comment_status":"closed","ping_status":"closed","template":"page-service.php","meta":{"_acf_changed":false,"footnotes":""},"class_list":["post-77","page","type-page","status-publish","hentry"],"acf":[],"_links":{"self":[{"href":"https:\/\/wiseupks.com\/sq\/wp-json\/wp\/v2\/pages\/77","targetHints":{"allow":["GET"]}}],"collection":[{"href":"https:\/\/wiseupks.com\/sq\/wp-json\/wp\/v2\/pages"}],"about":[{"href":"https:\/\/wiseupks.com\/sq\/wp-json\/wp\/v2\/types\/page"}],"author":[{"embeddable":true,"href":"https:\/\/wiseupks.com\/sq\/wp-json\/wp\/v2\/users\/1"}],"replies":[{"embeddable":true,"href":"https:\/\/wiseupks.com\/sq\/wp-json\/wp\/v2\/comments?post=77"}],"version-history":[{"count":15,"href":"https:\/\/wiseupks.com\/sq\/wp-json\/wp\/v2\/pages\/77\/revisions"}],"predecessor-version":[{"id":245,"href":"https:\/\/wiseupks.com\/sq\/wp-json\/wp\/v2\/pages\/77\/revisions\/245"}],"wp:attachment":[{"href":"https:\/\/wiseupks.com\/sq\/wp-json\/wp\/v2\/media?parent=77"}],"curies":[{"name":"wp","href":"https:\/\/api.w.org\/{rel}","templated":true}]}}