{"id":127,"date":"2024-12-12T19:29:24","date_gmt":"2024-12-12T19:29:24","guid":{"rendered":"https:\/\/wiseupks.com\/en\/?page_id=127"},"modified":"2024-12-17T05:00:11","modified_gmt":"2024-12-17T05:00:11","slug":"incites","status":"publish","type":"page","link":"https:\/\/wiseupks.com\/sq\/incites\/","title":{"rendered":"Njoftimet"},"content":{"rendered":"<p style=\"font-weight: 400; text-align: center;\">Hyni n\u00eb thell\u00ebsi t\u00eb analizave dhe publikimeve tona t\u00eb detajuara, t\u00eb krijuara nga ekspert\u00ebt tan\u00eb p\u00ebr t\u2019ju ndihmuar t\u00eb merrni vendime m\u00eb t\u00eb informuara.<\/p>\n","protected":false},"excerpt":{"rendered":"<p>Hyni n\u00eb thell\u00ebsi t\u00eb analizave dhe publikimeve tona t\u00eb detajuara, t\u00eb krijuara nga ekspert\u00ebt tan\u00eb p\u00ebr t\u2019ju ndihmuar t\u00eb merrni vendime m\u00eb t\u00eb informuara.<\/p>\n","protected":false},"author":1,"featured_media":0,"parent":0,"menu_order":0,"comment_status":"closed","ping_status":"closed","template":"page-incites.php","meta":{"_acf_changed":false,"footnotes":""},"class_list":["post-127","page","type-page","status-publish","hentry"],"acf":[],"_links":{"self":[{"href":"https:\/\/wiseupks.com\/sq\/wp-json\/wp\/v2\/pages\/127","targetHints":{"allow":["GET"]}}],"collection":[{"href":"https:\/\/wiseupks.com\/sq\/wp-json\/wp\/v2\/pages"}],"about":[{"href":"https:\/\/wiseupks.com\/sq\/wp-json\/wp\/v2\/types\/page"}],"author":[{"embeddable":true,"href":"https:\/\/wiseupks.com\/sq\/wp-json\/wp\/v2\/users\/1"}],"replies":[{"embeddable":true,"href":"https:\/\/wiseupks.com\/sq\/wp-json\/wp\/v2\/comments?post=127"}],"version-history":[{"count":8,"href":"https:\/\/wiseupks.com\/sq\/wp-json\/wp\/v2\/pages\/127\/revisions"}],"predecessor-version":[{"id":170,"href":"https:\/\/wiseupks.com\/sq\/wp-json\/wp\/v2\/pages\/127\/revisions\/170"}],"wp:attachment":[{"href":"https:\/\/wiseupks.com\/sq\/wp-json\/wp\/v2\/media?parent=127"}],"curies":[{"name":"wp","href":"https:\/\/api.w.org\/{rel}","templated":true}]}}